{"id":2204,"date":"2025-01-08T10:37:22","date_gmt":"2025-01-08T10:37:22","guid":{"rendered":"https:\/\/restauracjafino.pl\/en\/?page_id=2204"},"modified":"2025-04-22T12:43:54","modified_gmt":"2025-04-22T12:43:54","slug":"suppliers","status":"publish","type":"page","link":"https:\/\/restauracjafino.pl\/en\/suppliers\/","title":{"rendered":"Suppliers"},"content":{"rendered":"<section class=\"bde-section-2204-101 bde-section\" data-entrance=\"slideUp\">\n  \n  \n\t\n\n\n\n<div class=\"section-container\"><a class=\"bde-container-link-2204-102 bde-container-link breakdance-link\" href=\"https:\/\/restauracjafino.pl\/en\/\" target=\"_self\" data-type=\"url\" data-entrance=\"slideUp\">\n  \n  \n\t\n\n\n\n<div class=\"bde-globalblock-2204-103 bde-globalblock\">\n<img decoding=\"async\" class=\"bde-image2-1680-100-1680-1 bde-image2 bde-image2-1680-100\" src=\"https:\/\/restauracjafino.pl\/en\/wp-content\/uploads\/sites\/2\/2024\/12\/Fino_logo_zlote.svg\" alt=\"Logo Fino\" loading=\"lazy\">\n<\/div>\n\n<\/a><h1 class=\"bde-heading-2204-104 bde-heading\" data-entrance=\"slideUp\">\nSuppliers\n<\/h1><div class=\"bde-text-2204-131 bde-text\" data-entrance=\"slideUp\">\nThe suppliers we work with are not just companies that are close, they are first and foremost people we know, talk to, respect and share our philosophy.\n<\/div><div class=\"bde-repeater-element-2204-147 bde-repeater-element\">\n<div class=\"bde-loop bde-loop-grid ee-posts bde-dynamic-repeater bde-dynamic-repeater-147 bde-dynamic-repeater-grid\"><article class=\"bde-loop-item ee-post bde-dynamic-repeater-item\"><div class=\"bde-columns-2230-100-option-1-2230-1 bde-columns bde-columns-2230-100\" data-entrance=\"slideUp\"><div class=\"bde-column-2230-101-option-1-2230-1 bde-column bde-column-2230-101\">\n  \n  \n\t\n\n\n\n<div class=\"bde-gallery-2230-102-option-1-2230-1 bde-gallery bde-gallery-2230-102\">\n\n\n  \n\n\n\n\n\n\n\n  \n\n  <div class=\"ee-gallery-swiper breakdance-swiper-wrapper\" data-swiper-id=\"102\">\n    <div class=\"swiper\">\n\n<div class=\"ee-gallery ee-gallery--gallery-slider ee-gallery--slider ee-gallery--single ee-gallery--none ee-gallery-- ee-gallery--caption- ee-gallery--caption-none ee-gallery--ratio swiper-wrapper\">\n                  \n      <div class=\"ee-gallery-item ee-gallery-item--image ee-gallery-item--single swiper-slide\" href=\"https:\/\/restauracjafino.pl\/en\/wp-content\/uploads\/sites\/2\/2025\/01\/profesor_ziolko_2.webp\"  data-sub-html=\"<span><\/span>\" data-category=\"1\"                  data-lg-size=\"1000-1001\"\n\n      >\n        <figure class=\"ee-gallery-item-figure\">\n                        <img decoding=\"async\" class=\"breakdance-image-object\" src=\"https:\/\/restauracjafino.pl\/en\/wp-content\/uploads\/sites\/2\/2025\/01\/profesor_ziolko_2.webp\" width=\"1000\" height=\"1001\" srcset=\"https:\/\/restauracjafino.pl\/en\/wp-content\/uploads\/sites\/2\/2025\/01\/profesor_ziolko_2.webp 1000w, https:\/\/restauracjafino.pl\/en\/wp-content\/uploads\/sites\/2\/2025\/01\/profesor_ziolko_2-300x300.webp 300w, https:\/\/restauracjafino.pl\/en\/wp-content\/uploads\/sites\/2\/2025\/01\/profesor_ziolko_2-150x150.webp 150w, https:\/\/restauracjafino.pl\/en\/wp-content\/uploads\/sites\/2\/2025\/01\/profesor_ziolko_2-768x769.webp 768w\" sizes=\"auto, (max-width: 1000px) 100vw, 1000px\" alt=\"Profesor Zi\u00f3\u0142ko\" loading=\"lazy\">\n          \n                  <\/figure>\n      <\/div>\n\n                \n      <div class=\"ee-gallery-item ee-gallery-item--image ee-gallery-item--single swiper-slide\" href=\"https:\/\/restauracjafino.pl\/en\/wp-content\/uploads\/sites\/2\/2025\/01\/profesor_ziolko_5.webp\"  data-sub-html=\"<span><\/span>\" data-category=\"1\"                  data-lg-size=\"1000-1000\"\n\n      >\n        <figure class=\"ee-gallery-item-figure\">\n                        <img decoding=\"async\" class=\"breakdance-image-object\" src=\"https:\/\/restauracjafino.pl\/en\/wp-content\/uploads\/sites\/2\/2025\/01\/profesor_ziolko_5.webp\" width=\"1000\" height=\"1000\" srcset=\"https:\/\/restauracjafino.pl\/en\/wp-content\/uploads\/sites\/2\/2025\/01\/profesor_ziolko_5.webp 1000w, https:\/\/restauracjafino.pl\/en\/wp-content\/uploads\/sites\/2\/2025\/01\/profesor_ziolko_5-300x300.webp 300w, https:\/\/restauracjafino.pl\/en\/wp-content\/uploads\/sites\/2\/2025\/01\/profesor_ziolko_5-150x150.webp 150w, https:\/\/restauracjafino.pl\/en\/wp-content\/uploads\/sites\/2\/2025\/01\/profesor_ziolko_5-768x768.webp 768w\" sizes=\"auto, (max-width: 1000px) 100vw, 1000px\" alt=\"Profesor Zi\u00f3\u0142ko\" loading=\"lazy\">\n          \n                  <\/figure>\n      <\/div>\n\n                \n      <div class=\"ee-gallery-item ee-gallery-item--image ee-gallery-item--single swiper-slide\" href=\"https:\/\/restauracjafino.pl\/en\/wp-content\/uploads\/sites\/2\/2025\/01\/profesor_ziolko_4.webp\"  data-sub-html=\"<span><\/span>\" data-category=\"1\"                  data-lg-size=\"1000-1000\"\n\n      >\n        <figure class=\"ee-gallery-item-figure\">\n                        <img decoding=\"async\" class=\"breakdance-image-object\" src=\"https:\/\/restauracjafino.pl\/en\/wp-content\/uploads\/sites\/2\/2025\/01\/profesor_ziolko_4.webp\" width=\"1000\" height=\"1000\" srcset=\"https:\/\/restauracjafino.pl\/en\/wp-content\/uploads\/sites\/2\/2025\/01\/profesor_ziolko_4.webp 1000w, https:\/\/restauracjafino.pl\/en\/wp-content\/uploads\/sites\/2\/2025\/01\/profesor_ziolko_4-300x300.webp 300w, https:\/\/restauracjafino.pl\/en\/wp-content\/uploads\/sites\/2\/2025\/01\/profesor_ziolko_4-150x150.webp 150w, https:\/\/restauracjafino.pl\/en\/wp-content\/uploads\/sites\/2\/2025\/01\/profesor_ziolko_4-768x768.webp 768w\" sizes=\"auto, (max-width: 1000px) 100vw, 1000px\" alt=\"Profesor Zi\u00f3\u0142ko\" loading=\"lazy\">\n          \n                  <\/figure>\n      <\/div>\n\n                \n      <div class=\"ee-gallery-item ee-gallery-item--image ee-gallery-item--single swiper-slide\" href=\"https:\/\/restauracjafino.pl\/en\/wp-content\/uploads\/sites\/2\/2025\/01\/profesor_ziolko_3.webp\"  data-sub-html=\"<span><\/span>\" data-category=\"1\"                  data-lg-size=\"1000-1000\"\n\n      >\n        <figure class=\"ee-gallery-item-figure\">\n                        <img decoding=\"async\" class=\"breakdance-image-object\" src=\"https:\/\/restauracjafino.pl\/en\/wp-content\/uploads\/sites\/2\/2025\/01\/profesor_ziolko_3.webp\" width=\"1000\" height=\"1000\" srcset=\"https:\/\/restauracjafino.pl\/en\/wp-content\/uploads\/sites\/2\/2025\/01\/profesor_ziolko_3.webp 1000w, https:\/\/restauracjafino.pl\/en\/wp-content\/uploads\/sites\/2\/2025\/01\/profesor_ziolko_3-300x300.webp 300w, https:\/\/restauracjafino.pl\/en\/wp-content\/uploads\/sites\/2\/2025\/01\/profesor_ziolko_3-150x150.webp 150w, https:\/\/restauracjafino.pl\/en\/wp-content\/uploads\/sites\/2\/2025\/01\/profesor_ziolko_3-768x768.webp 768w\" sizes=\"auto, (max-width: 1000px) 100vw, 1000px\" alt=\"Profesor Zi\u00f3\u0142ko\" loading=\"lazy\">\n          \n                  <\/figure>\n      <\/div>\n\n                \n      <div class=\"ee-gallery-item ee-gallery-item--image ee-gallery-item--single swiper-slide\" href=\"https:\/\/restauracjafino.pl\/en\/wp-content\/uploads\/sites\/2\/2025\/01\/profesor_ziolko_1.webp\"  data-sub-html=\"<span><\/span>\" data-category=\"1\"                  data-lg-size=\"1000-1000\"\n\n      >\n        <figure class=\"ee-gallery-item-figure\">\n                        <img decoding=\"async\" class=\"breakdance-image-object\" src=\"https:\/\/restauracjafino.pl\/en\/wp-content\/uploads\/sites\/2\/2025\/01\/profesor_ziolko_1.webp\" width=\"1000\" height=\"1000\" srcset=\"https:\/\/restauracjafino.pl\/en\/wp-content\/uploads\/sites\/2\/2025\/01\/profesor_ziolko_1.webp 1000w, https:\/\/restauracjafino.pl\/en\/wp-content\/uploads\/sites\/2\/2025\/01\/profesor_ziolko_1-300x300.webp 300w, https:\/\/restauracjafino.pl\/en\/wp-content\/uploads\/sites\/2\/2025\/01\/profesor_ziolko_1-150x150.webp 150w, https:\/\/restauracjafino.pl\/en\/wp-content\/uploads\/sites\/2\/2025\/01\/profesor_ziolko_1-768x768.webp 768w\" sizes=\"auto, (max-width: 1000px) 100vw, 1000px\" alt=\"Profesor Zi\u00f3\u0142ko\" loading=\"lazy\">\n          \n                  <\/figure>\n      <\/div>\n\n                \n      <div class=\"ee-gallery-item ee-gallery-item--image ee-gallery-item--single swiper-slide\" href=\"https:\/\/restauracjafino.pl\/en\/wp-content\/uploads\/sites\/2\/2025\/01\/profesor_ziolko_6.webp\"  data-sub-html=\"<span><\/span>\" data-category=\"1\"                  data-lg-size=\"1000-1000\"\n\n      >\n        <figure class=\"ee-gallery-item-figure\">\n                        <img decoding=\"async\" class=\"breakdance-image-object\" src=\"https:\/\/restauracjafino.pl\/en\/wp-content\/uploads\/sites\/2\/2025\/01\/profesor_ziolko_6.webp\" width=\"1000\" height=\"1000\" srcset=\"https:\/\/restauracjafino.pl\/en\/wp-content\/uploads\/sites\/2\/2025\/01\/profesor_ziolko_6.webp 1000w, https:\/\/restauracjafino.pl\/en\/wp-content\/uploads\/sites\/2\/2025\/01\/profesor_ziolko_6-300x300.webp 300w, https:\/\/restauracjafino.pl\/en\/wp-content\/uploads\/sites\/2\/2025\/01\/profesor_ziolko_6-150x150.webp 150w, https:\/\/restauracjafino.pl\/en\/wp-content\/uploads\/sites\/2\/2025\/01\/profesor_ziolko_6-768x768.webp 768w\" sizes=\"auto, (max-width: 1000px) 100vw, 1000px\" alt=\"Profesor Zi\u00f3\u0142ko\" loading=\"lazy\">\n          \n                  <\/figure>\n      <\/div>\n\n      \n  <\/div>\n\n    <\/div>\n                <div class=\"swiper-button-prev\">\n            \n        <\/div>\n        <div class=\"swiper-button-next\">\n            \n        <\/div>\n    \n    \n  <\/div>\n\n\n<\/div>\n<\/div><div class=\"bde-column-2230-103-option-1-2230-1 bde-column bde-column-2230-103\">\n  \n  \n\t\n\n\n\n<img decoding=\"async\" class=\"bde-image2-2230-104-option-1-2230-1 bde-image2 bde-image2-2230-104\" src=\"https:\/\/restauracjafino.pl\/en\/wp-content\/uploads\/sites\/2\/2025\/01\/profesor_ziolko_logo.webp\" alt=\"Profesor Zi\u00f3\u0142ko\" loading=\"lazy\" srcset=\"https:\/\/restauracjafino.pl\/en\/wp-content\/uploads\/sites\/2\/2025\/01\/profesor_ziolko_logo.webp 500w, https:\/\/restauracjafino.pl\/en\/wp-content\/uploads\/sites\/2\/2025\/01\/profesor_ziolko_logo-300x300.webp 300w, https:\/\/restauracjafino.pl\/en\/wp-content\/uploads\/sites\/2\/2025\/01\/profesor_ziolko_logo-150x150.webp 150w\" sizes=\"(max-width: 500px) 100vw, 500px\"><h2 id=\"przystawki\" class=\"bde-heading-2230-105-option-1-2230-1 bde-heading bde-heading-2230-105\">\nProfesor Zi\u00f3\u0142ko\n<\/h2><div class=\"bde-text-2230-106-option-1-2230-1 bde-text bde-text-2230-106\">\nProfessor Zi\u00f3\u0142ko, a head guy who, step by step, has created a truly urban farm of micro-leaves and edible flowers from a small, self-built farm. <br \/>\r\n<br \/>\r\nWe have the privilege that Gregory's company is 40km from our restaurant, so the plants are with us within the hour.\n<\/div>\n<\/div><\/div><\/article><article class=\"bde-loop-item ee-post bde-dynamic-repeater-item\"><div class=\"bde-columns-2250-107-option-2-2250-1 bde-columns bde-columns-2250-107\" data-entrance=\"slideUp\"><div class=\"bde-column-2250-110-option-2-2250-1 bde-column bde-column-2250-110\">\n  \n  \n\t\n\n\n\n<img decoding=\"async\" class=\"bde-image2-2250-111-option-2-2250-1 bde-image2 bde-image2-2250-111\" src=\"https:\/\/restauracjafino.pl\/en\/wp-content\/uploads\/sites\/2\/2025\/01\/zielenica_logo.webp\" alt=\"Zielenica\" loading=\"lazy\" srcset=\"https:\/\/restauracjafino.pl\/en\/wp-content\/uploads\/sites\/2\/2025\/01\/zielenica_logo.webp 300w, https:\/\/restauracjafino.pl\/en\/wp-content\/uploads\/sites\/2\/2025\/01\/zielenica_logo-150x150.webp 150w\" sizes=\"(max-width: 300px) 100vw, 300px\"><h2 id=\"przystawki\" class=\"bde-heading-2250-112-option-2-2250-1 bde-heading bde-heading-2250-112\">\nZielenica\n<\/h2><div class=\"bde-text-2250-113-option-2-2250-1 bde-text bde-text-2250-113\">\nWith Zielenica, we feel like we have been operating forever. Best quality trout, respect and quality - these are their priorities.\n<\/div>\n<\/div><div class=\"bde-column-2250-108-option-2-2250-1 bde-column bde-column-2250-108\">\n  \n  \n\t\n\n\n\n<div class=\"bde-gallery-2250-109-option-2-2250-1 bde-gallery bde-gallery-2250-109\">\n\n\n  \n\n\n\n\n\n\n\n  \n\n  <div class=\"ee-gallery-swiper breakdance-swiper-wrapper\" data-swiper-id=\"109\">\n    <div class=\"swiper\">\n\n<div class=\"ee-gallery ee-gallery--gallery-slider ee-gallery--slider ee-gallery--single ee-gallery--none ee-gallery-- ee-gallery--caption- ee-gallery--caption-none ee-gallery--ratio swiper-wrapper\">\n                  \n      <div class=\"ee-gallery-item ee-gallery-item--image ee-gallery-item--single swiper-slide\" href=\"https:\/\/restauracjafino.pl\/en\/wp-content\/uploads\/sites\/2\/2025\/01\/zielenica_6.webp\"  data-sub-html=\"<span><\/span>\" data-category=\"1\"                  data-lg-size=\"1000-1000\"\n\n      >\n        <figure class=\"ee-gallery-item-figure\">\n                        <img decoding=\"async\" class=\"breakdance-image-object\" src=\"https:\/\/restauracjafino.pl\/en\/wp-content\/uploads\/sites\/2\/2025\/01\/zielenica_6.webp\" width=\"1000\" height=\"1000\" srcset=\"https:\/\/restauracjafino.pl\/en\/wp-content\/uploads\/sites\/2\/2025\/01\/zielenica_6.webp 1000w, https:\/\/restauracjafino.pl\/en\/wp-content\/uploads\/sites\/2\/2025\/01\/zielenica_6-300x300.webp 300w, https:\/\/restauracjafino.pl\/en\/wp-content\/uploads\/sites\/2\/2025\/01\/zielenica_6-150x150.webp 150w, https:\/\/restauracjafino.pl\/en\/wp-content\/uploads\/sites\/2\/2025\/01\/zielenica_6-768x768.webp 768w\" sizes=\"auto, (max-width: 1000px) 100vw, 1000px\" alt=\"Zielenica\" loading=\"lazy\">\n          \n                  <\/figure>\n      <\/div>\n\n                \n      <div class=\"ee-gallery-item ee-gallery-item--image ee-gallery-item--single swiper-slide\" href=\"https:\/\/restauracjafino.pl\/en\/wp-content\/uploads\/sites\/2\/2025\/01\/zielenica_3.webp\"  data-sub-html=\"<span><\/span>\" data-category=\"1\"                  data-lg-size=\"1000-1000\"\n\n      >\n        <figure class=\"ee-gallery-item-figure\">\n                        <img decoding=\"async\" class=\"breakdance-image-object\" src=\"https:\/\/restauracjafino.pl\/en\/wp-content\/uploads\/sites\/2\/2025\/01\/zielenica_3.webp\" width=\"1000\" height=\"1000\" srcset=\"https:\/\/restauracjafino.pl\/en\/wp-content\/uploads\/sites\/2\/2025\/01\/zielenica_3.webp 1000w, https:\/\/restauracjafino.pl\/en\/wp-content\/uploads\/sites\/2\/2025\/01\/zielenica_3-300x300.webp 300w, https:\/\/restauracjafino.pl\/en\/wp-content\/uploads\/sites\/2\/2025\/01\/zielenica_3-150x150.webp 150w, https:\/\/restauracjafino.pl\/en\/wp-content\/uploads\/sites\/2\/2025\/01\/zielenica_3-768x768.webp 768w\" sizes=\"auto, (max-width: 1000px) 100vw, 1000px\" alt=\"Zielenica\" loading=\"lazy\">\n          \n                  <\/figure>\n      <\/div>\n\n                \n      <div class=\"ee-gallery-item ee-gallery-item--image ee-gallery-item--single swiper-slide\" href=\"https:\/\/restauracjafino.pl\/en\/wp-content\/uploads\/sites\/2\/2025\/01\/zielenica_1.webp\"  data-sub-html=\"<span><\/span>\" data-category=\"1\"                  data-lg-size=\"1000-1000\"\n\n      >\n        <figure class=\"ee-gallery-item-figure\">\n                        <img decoding=\"async\" class=\"breakdance-image-object\" src=\"https:\/\/restauracjafino.pl\/en\/wp-content\/uploads\/sites\/2\/2025\/01\/zielenica_1.webp\" width=\"1000\" height=\"1000\" srcset=\"https:\/\/restauracjafino.pl\/en\/wp-content\/uploads\/sites\/2\/2025\/01\/zielenica_1.webp 1000w, https:\/\/restauracjafino.pl\/en\/wp-content\/uploads\/sites\/2\/2025\/01\/zielenica_1-300x300.webp 300w, https:\/\/restauracjafino.pl\/en\/wp-content\/uploads\/sites\/2\/2025\/01\/zielenica_1-150x150.webp 150w, https:\/\/restauracjafino.pl\/en\/wp-content\/uploads\/sites\/2\/2025\/01\/zielenica_1-768x768.webp 768w\" sizes=\"auto, (max-width: 1000px) 100vw, 1000px\" alt=\"Zielenica\" loading=\"lazy\">\n          \n                  <\/figure>\n      <\/div>\n\n                \n      <div class=\"ee-gallery-item ee-gallery-item--image ee-gallery-item--single swiper-slide\" href=\"https:\/\/restauracjafino.pl\/en\/wp-content\/uploads\/sites\/2\/2025\/01\/zielenica_5.webp\"  data-sub-html=\"<span><\/span>\" data-category=\"1\"                  data-lg-size=\"1000-1000\"\n\n      >\n        <figure class=\"ee-gallery-item-figure\">\n                        <img decoding=\"async\" class=\"breakdance-image-object\" src=\"https:\/\/restauracjafino.pl\/en\/wp-content\/uploads\/sites\/2\/2025\/01\/zielenica_5.webp\" width=\"1000\" height=\"1000\" srcset=\"https:\/\/restauracjafino.pl\/en\/wp-content\/uploads\/sites\/2\/2025\/01\/zielenica_5.webp 1000w, https:\/\/restauracjafino.pl\/en\/wp-content\/uploads\/sites\/2\/2025\/01\/zielenica_5-300x300.webp 300w, https:\/\/restauracjafino.pl\/en\/wp-content\/uploads\/sites\/2\/2025\/01\/zielenica_5-150x150.webp 150w, https:\/\/restauracjafino.pl\/en\/wp-content\/uploads\/sites\/2\/2025\/01\/zielenica_5-768x768.webp 768w\" sizes=\"auto, (max-width: 1000px) 100vw, 1000px\" alt=\"Zielenica\" loading=\"lazy\">\n          \n                  <\/figure>\n      <\/div>\n\n                \n      <div class=\"ee-gallery-item ee-gallery-item--image ee-gallery-item--single swiper-slide\" href=\"https:\/\/restauracjafino.pl\/en\/wp-content\/uploads\/sites\/2\/2025\/01\/zielenica_4.webp\"  data-sub-html=\"<span><\/span>\" data-category=\"1\"                  data-lg-size=\"1000-1000\"\n\n      >\n        <figure class=\"ee-gallery-item-figure\">\n                        <img decoding=\"async\" class=\"breakdance-image-object\" src=\"https:\/\/restauracjafino.pl\/en\/wp-content\/uploads\/sites\/2\/2025\/01\/zielenica_4.webp\" width=\"1000\" height=\"1000\" srcset=\"https:\/\/restauracjafino.pl\/en\/wp-content\/uploads\/sites\/2\/2025\/01\/zielenica_4.webp 1000w, https:\/\/restauracjafino.pl\/en\/wp-content\/uploads\/sites\/2\/2025\/01\/zielenica_4-300x300.webp 300w, https:\/\/restauracjafino.pl\/en\/wp-content\/uploads\/sites\/2\/2025\/01\/zielenica_4-150x150.webp 150w, https:\/\/restauracjafino.pl\/en\/wp-content\/uploads\/sites\/2\/2025\/01\/zielenica_4-768x768.webp 768w\" sizes=\"auto, (max-width: 1000px) 100vw, 1000px\" alt=\"Zielenica\" loading=\"lazy\">\n          \n                  <\/figure>\n      <\/div>\n\n                \n      <div class=\"ee-gallery-item ee-gallery-item--image ee-gallery-item--single swiper-slide\" href=\"https:\/\/restauracjafino.pl\/en\/wp-content\/uploads\/sites\/2\/2025\/01\/zielenica_2.webp\"  data-sub-html=\"<span><\/span>\" data-category=\"1\"                  data-lg-size=\"1000-1001\"\n\n      >\n        <figure class=\"ee-gallery-item-figure\">\n                        <img decoding=\"async\" class=\"breakdance-image-object\" src=\"https:\/\/restauracjafino.pl\/en\/wp-content\/uploads\/sites\/2\/2025\/01\/zielenica_2.webp\" width=\"1000\" height=\"1001\" srcset=\"https:\/\/restauracjafino.pl\/en\/wp-content\/uploads\/sites\/2\/2025\/01\/zielenica_2.webp 1000w, https:\/\/restauracjafino.pl\/en\/wp-content\/uploads\/sites\/2\/2025\/01\/zielenica_2-300x300.webp 300w, https:\/\/restauracjafino.pl\/en\/wp-content\/uploads\/sites\/2\/2025\/01\/zielenica_2-150x150.webp 150w, https:\/\/restauracjafino.pl\/en\/wp-content\/uploads\/sites\/2\/2025\/01\/zielenica_2-768x769.webp 768w\" sizes=\"auto, (max-width: 1000px) 100vw, 1000px\" alt=\"Zielenica\" loading=\"lazy\">\n          \n                  <\/figure>\n      <\/div>\n\n      \n  <\/div>\n\n    <\/div>\n                <div class=\"swiper-button-prev\">\n            \n        <\/div>\n        <div class=\"swiper-button-next\">\n            \n        <\/div>\n    \n    \n  <\/div>\n\n\n<\/div>\n<\/div><\/div><\/article><\/div>\n<\/div><\/div>\n<\/section>","protected":false},"excerpt":{"rendered":"<p>Suppliers The suppliers we work with are not just companies that are close, they are first and foremost people we know, talk to, respect and share our philosophy. Profesor Zi\u00f3\u0142ko Professor Zi\u00f3\u0142ko, a head guy who, step by step, has created a truly urban farm of micro-leaves and edible flowers from a small, self-built farm. [&hellip;]<\/p>\n","protected":false},"author":1,"featured_media":0,"parent":0,"menu_order":0,"comment_status":"closed","ping_status":"closed","template":"","meta":{"_acf_changed":false,"_breakdance_hide_in_design_set":false,"_breakdance_tags":"","footnotes":""},"class_list":["post-2204","page","type-page","status-publish","hentry"],"acf":[],"_links":{"self":[{"href":"https:\/\/restauracjafino.pl\/en\/wp-json\/wp\/v2\/pages\/2204","targetHints":{"allow":["GET"]}}],"collection":[{"href":"https:\/\/restauracjafino.pl\/en\/wp-json\/wp\/v2\/pages"}],"about":[{"href":"https:\/\/restauracjafino.pl\/en\/wp-json\/wp\/v2\/types\/page"}],"author":[{"embeddable":true,"href":"https:\/\/restauracjafino.pl\/en\/wp-json\/wp\/v2\/users\/1"}],"replies":[{"embeddable":true,"href":"https:\/\/restauracjafino.pl\/en\/wp-json\/wp\/v2\/comments?post=2204"}],"version-history":[{"count":38,"href":"https:\/\/restauracjafino.pl\/en\/wp-json\/wp\/v2\/pages\/2204\/revisions"}],"predecessor-version":[{"id":3476,"href":"https:\/\/restauracjafino.pl\/en\/wp-json\/wp\/v2\/pages\/2204\/revisions\/3476"}],"wp:attachment":[{"href":"https:\/\/restauracjafino.pl\/en\/wp-json\/wp\/v2\/media?parent=2204"}],"curies":[{"name":"wp","href":"https:\/\/api.w.org\/{rel}","templated":true}]}}